{"id":28524,"date":"2022-10-22T17:18:14","date_gmt":"2022-10-22T17:18:14","guid":{"rendered":"https:\/\/www.laguiavial.com\/top-rutas-en-moto-lineales\/"},"modified":"2022-10-22T17:18:17","modified_gmt":"2022-10-22T17:18:17","slug":"top-rutas-en-moto-lineales","status":"publish","type":"page","link":"https:\/\/www.laguiavial.com\/es\/top-rutas-en-moto-lineales\/","title":{"rendered":"TOP RUTAS EN MOTO LINEALES"},"content":{"rendered":"<div class=\"wpb-content-wrapper\"><p>[vc_row css_animation=\u00bb\u00bb row_type=\u00bbrow\u00bb use_row_as_full_screen_section=\u00bbno\u00bb type=\u00bbfull_width\u00bb angled_section=\u00bbno\u00bb text_align=\u00bbleft\u00bb background_image_as_pattern=\u00bbwithout_pattern\u00bb el_class=\u00bbcabecera_interna\u00bb css=\u00bb.vc_custom_1605021948459{background-image: url(http:\/\/www.laguiavial.com\/wp-content\/uploads\/2022\/06\/toprutesfc01.jpg?id=59) !important;}\u00bb z_index=\u00bb\u00bb][vc_column][vc_column_text]<\/p>\n<div class=\"contenedor_titulo_cabecera\">\n<h1 style=\"text-align: center;\">TOP RUTAS EN MOTO LINEALES<\/h1>\n<\/div>\n<p>[\/vc_column_text][\/vc_column][\/vc_row][vc_row css_animation=\u00bb\u00bb row_type=\u00bbrow\u00bb use_row_as_full_screen_section=\u00bbno\u00bb type=\u00bbfull_width\u00bb angled_section=\u00bbno\u00bb text_align=\u00bbleft\u00bb background_image_as_pattern=\u00bbwithout_pattern\u00bb el_class=\u00bbintro_home\u00bb z_index=\u00bb\u00bb][vc_column][vc_column_text]<\/p>\n<h4 style=\"text-align: center;\">Hemos puesto a disposici\u00f3n de todos los que quieran una recopilaci\u00f3n de las rutas m\u00e1s visitadas a nivel peninsular<br \/>\nTres grandes rutas de car\u00e1cter lineal para disfrutar a fondo<br \/>\nTambi\u00e9n un apartado con una selecci\u00f3n de fotograf\u00edas<\/h4>\n<p>[\/vc_column_text][vc_empty_space][vc_column_text]<\/p>\n<h2 style=\"text-align: center;\">Descubre las mejores rutas en moto lineales de Espa\u00f1a<\/h2>\n<div id=\"gtx-trans\">\n<div class=\"gtx-trans-icon\"><\/div>\n<\/div>\n<p>[\/vc_column_text][vc_empty_space]<div id=\"mpc_grid_posts_9869fc5de765f04\" class=\"mpc-grid-posts mpc-init mpc-init mpc-transition mpc-overlay--fade mpc-item--fade mpc-layout--style_1  \"  data-grid-cols=\"1\"><div class=\"mpc-grid-sizer\"><\/div><div onclick=\"\" class=\"mpc-post\"><div class=\"mpc-post__wrapper\"><div class=\"mpc-post__thumbnail\" data-mpc_src=\"https:\/\/www.laguiavial.com\/wp-content\/uploads\/2022\/10\/2001-roncesvalles-7-1024x553.jpg\" data-mpc_link=\"https:\/\/www.laguiavial.com\/es\/ruta-el-camino-de-santiago\/\"><div class=\"mpc-post__overlay mpc-transition\"><div class=\"mpc-post--vertical-wrap\"><div class=\"mpc-post--vertical\" data-mpc_link=\"https:\/\/www.laguiavial.com\/es\/ruta-el-camino-de-santiago\/\"><a href=\"https:\/\/www.laguiavial.com\/es\/ruta-el-camino-de-santiago\/\" title=\"Read more about Ruta El Camino de Santiago\" class=\"mpc-icon-anchor\"><\/a><a href=\"https:\/\/www.laguiavial.com\/wp-content\/uploads\/2022\/10\/2001-roncesvalles-7.jpg\" title=\"Ruta El Camino de Santiago\" class=\"mpc-lightbox mpc-icon-anchor mpc-magnific-popup\"><\/a><div class=\"mpc-post__content mpc-transition\"><h3 class=\"mpc-post__heading mpc-transition mpc-text-overflow\"><a href=\"https:\/\/www.laguiavial.com\/es\/ruta-el-camino-de-santiago\/\" title=\"Ruta El Camino de Santiago\">Ruta El Camino de Santiago<\/a><\/h3><div class=\"mpc-post__meta mpc-transition\"><span class=\"mpc-post__date\">on <a href=\"https:\/\/www.laguiavial.com\/es\/2022\/10\/19\/\"><span class=\"mpc-date__inline\">19 octubre 2022<\/span><\/a><\/span>, <span class=\"mpc-post__tax\"><\/span><\/div><\/div><\/div><\/div><\/div><\/div><div class=\"mpc-post__content mpc-transition\"><h3 class=\"mpc-post__heading mpc-transition mpc-text-overflow\"><a href=\"https:\/\/www.laguiavial.com\/es\/ruta-el-camino-de-santiago\/\" title=\"Ruta El Camino de Santiago\">Ruta El Camino de Santiago<\/a><\/h3><div class=\"mpc-post__meta mpc-transition\"><span class=\"mpc-post__date\">on <a href=\"https:\/\/www.laguiavial.com\/es\/2022\/10\/19\/\"><span class=\"mpc-date__inline\">19 octubre 2022<\/span><\/a><\/span>, <span class=\"mpc-post__tax\"><\/span><\/div><\/div><\/div><\/div><div onclick=\"\" class=\"mpc-post\"><div class=\"mpc-post__wrapper\"><div class=\"mpc-post__thumbnail\" data-mpc_src=\"https:\/\/www.laguiavial.com\/wp-content\/uploads\/2022\/10\/202fc01-1024x288.jpg\" data-mpc_link=\"https:\/\/www.laguiavial.com\/es\/ruta-de-la-plata\/\"><div class=\"mpc-post__overlay mpc-transition\"><div class=\"mpc-post--vertical-wrap\"><div class=\"mpc-post--vertical\" data-mpc_link=\"https:\/\/www.laguiavial.com\/es\/ruta-de-la-plata\/\"><a href=\"https:\/\/www.laguiavial.com\/es\/ruta-de-la-plata\/\" title=\"Read more about Ruta de la Plata\" class=\"mpc-icon-anchor\"><\/a><a href=\"https:\/\/www.laguiavial.com\/wp-content\/uploads\/2022\/10\/202fc01.jpg\" title=\"Ruta de la Plata\" class=\"mpc-lightbox mpc-icon-anchor mpc-magnific-popup\"><\/a><div class=\"mpc-post__content mpc-transition\"><h3 class=\"mpc-post__heading mpc-transition mpc-text-overflow\"><a href=\"https:\/\/www.laguiavial.com\/es\/ruta-de-la-plata\/\" title=\"Ruta de la Plata\">Ruta de la Plata<\/a><\/h3><div class=\"mpc-post__meta mpc-transition\"><span class=\"mpc-post__date\">on <a href=\"https:\/\/www.laguiavial.com\/es\/2022\/10\/19\/\"><span class=\"mpc-date__inline\">19 octubre 2022<\/span><\/a><\/span>, <span class=\"mpc-post__tax\"><\/span><\/div><\/div><\/div><\/div><\/div><\/div><div class=\"mpc-post__content mpc-transition\"><h3 class=\"mpc-post__heading mpc-transition mpc-text-overflow\"><a href=\"https:\/\/www.laguiavial.com\/es\/ruta-de-la-plata\/\" title=\"Ruta de la Plata\">Ruta de la Plata<\/a><\/h3><div class=\"mpc-post__meta mpc-transition\"><span class=\"mpc-post__date\">on <a href=\"https:\/\/www.laguiavial.com\/es\/2022\/10\/19\/\"><span class=\"mpc-date__inline\">19 octubre 2022<\/span><\/a><\/span>, <span class=\"mpc-post__tax\"><\/span><\/div><\/div><\/div><\/div><div onclick=\"\" class=\"mpc-post\"><div class=\"mpc-post__wrapper\"><div class=\"mpc-post__thumbnail\" data-mpc_src=\"https:\/\/www.laguiavial.com\/wp-content\/uploads\/2023\/10\/21unahfd01-1024x288.jpg\" data-mpc_link=\"https:\/\/www.laguiavial.com\/es\/transpi-una-h-ruta-en-moto\/\"><div class=\"mpc-post__overlay mpc-transition\"><div class=\"mpc-post--vertical-wrap\"><div class=\"mpc-post--vertical\" data-mpc_link=\"https:\/\/www.laguiavial.com\/es\/transpi-una-h-ruta-en-moto\/\"><a href=\"https:\/\/www.laguiavial.com\/es\/transpi-una-h-ruta-en-moto\/\" title=\"Read more about Transpis Una H Ruta en moto\" class=\"mpc-icon-anchor\"><\/a><a href=\"https:\/\/www.laguiavial.com\/wp-content\/uploads\/2023\/10\/21unahfd01.jpg\" title=\"Transpis Una H Ruta en moto\" class=\"mpc-lightbox mpc-icon-anchor mpc-magnific-popup\"><\/a><div class=\"mpc-post__content mpc-transition\"><h3 class=\"mpc-post__heading mpc-transition mpc-text-overflow\"><a href=\"https:\/\/www.laguiavial.com\/es\/transpi-una-h-ruta-en-moto\/\" title=\"Transpis Una H Ruta en moto\">Transpis Una H Ruta en moto<\/a><\/h3><div class=\"mpc-post__meta mpc-transition\"><span class=\"mpc-post__date\">on <a href=\"https:\/\/www.laguiavial.com\/es\/2023\/10\/09\/\"><span class=\"mpc-date__inline\">09 octubre 2023<\/span><\/a><\/span>, <span class=\"mpc-post__tax\"><\/span><\/div><\/div><\/div><\/div><\/div><\/div><div class=\"mpc-post__content mpc-transition\"><h3 class=\"mpc-post__heading mpc-transition mpc-text-overflow\"><a href=\"https:\/\/www.laguiavial.com\/es\/transpi-una-h-ruta-en-moto\/\" title=\"Transpis Una H Ruta en moto\">Transpis Una H Ruta en moto<\/a><\/h3><div class=\"mpc-post__meta mpc-transition\"><span class=\"mpc-post__date\">on <a href=\"https:\/\/www.laguiavial.com\/es\/2023\/10\/09\/\"><span class=\"mpc-date__inline\">09 octubre 2023<\/span><\/a><\/span>, <span class=\"mpc-post__tax\"><\/span><\/div><\/div><\/div><\/div><div onclick=\"\" class=\"mpc-post\"><div class=\"mpc-post__wrapper\"><div class=\"mpc-post__thumbnail\" data-mpc_src=\"https:\/\/www.laguiavial.com\/wp-content\/uploads\/2023\/10\/21unaefd01-1024x288.jpg\" data-mpc_link=\"https:\/\/www.laguiavial.com\/es\/transpi-una-e-ruta-en-moto\/\"><div class=\"mpc-post__overlay mpc-transition\"><div class=\"mpc-post--vertical-wrap\"><div class=\"mpc-post--vertical\" data-mpc_link=\"https:\/\/www.laguiavial.com\/es\/transpi-una-e-ruta-en-moto\/\"><a href=\"https:\/\/www.laguiavial.com\/es\/transpi-una-e-ruta-en-moto\/\" title=\"Read more about Transpis Una E Ruta en moto\" class=\"mpc-icon-anchor\"><\/a><a href=\"https:\/\/www.laguiavial.com\/wp-content\/uploads\/2023\/10\/21unaefd01.jpg\" title=\"Transpis Una E Ruta en moto\" class=\"mpc-lightbox mpc-icon-anchor mpc-magnific-popup\"><\/a><div class=\"mpc-post__content mpc-transition\"><h3 class=\"mpc-post__heading mpc-transition mpc-text-overflow\"><a href=\"https:\/\/www.laguiavial.com\/es\/transpi-una-e-ruta-en-moto\/\" title=\"Transpis Una E Ruta en moto\">Transpis Una E Ruta en moto<\/a><\/h3><div class=\"mpc-post__meta mpc-transition\"><span class=\"mpc-post__date\">on <a href=\"https:\/\/www.laguiavial.com\/es\/2023\/10\/09\/\"><span class=\"mpc-date__inline\">09 octubre 2023<\/span><\/a><\/span>, <span class=\"mpc-post__tax\"><\/span><\/div><\/div><\/div><\/div><\/div><\/div><div class=\"mpc-post__content mpc-transition\"><h3 class=\"mpc-post__heading mpc-transition mpc-text-overflow\"><a href=\"https:\/\/www.laguiavial.com\/es\/transpi-una-e-ruta-en-moto\/\" title=\"Transpis Una E Ruta en moto\">Transpis Una E Ruta en moto<\/a><\/h3><div class=\"mpc-post__meta mpc-transition\"><span class=\"mpc-post__date\">on <a href=\"https:\/\/www.laguiavial.com\/es\/2023\/10\/09\/\"><span class=\"mpc-date__inline\">09 octubre 2023<\/span><\/a><\/span>, <span class=\"mpc-post__tax\"><\/span><\/div><\/div><\/div><\/div><\/div>[vc_empty_space][vc_column_text]<\/p>\n<h2>Galer\u00eda de im\u00e1genes<\/h2>\n<div id=\"gtx-trans\">\n<div class=\"gtx-trans-icon\"><\/div>\n<\/div>\n<p>[\/vc_column_text][vc_empty_space][vc_gallery type=\u00bbimage_grid\u00bb images=\u00bb27004,27001,26998,26995,26992,26989,26986,26983,26980,26977,26974,26971,26968,26965,26962,26959,26956,26953,26950,26947,26944,26941,26938,26935,26932,26929,26926,26923,26920,26917,26914,26911,26908,26905,26902,26899,26896,26893,26890,26887,26884,26881,26878,26875,26872,26869,890,888,886,880,878,876,874,872,870,868,866,864,862&#8243; img_size=\u00bbfull\u00bb column_number=\u00bb3&#8243; grayscale=\u00bbno\u00bb images_space=\u00bbgallery_with_space\u00bb el_class=\u00bbgaleria_tabs\u00bb][\/vc_column][\/vc_row]<\/p>\n<\/div>","protected":false},"excerpt":{"rendered":"<p>[vc_row css_animation=\u00bb\u00bb row_type=\u00bbrow\u00bb use_row_as_full_screen_section=\u00bbno\u00bb type=\u00bbfull_width\u00bb angled_section=\u00bbno\u00bb text_align=\u00bbleft\u00bb background_image_as_pattern=\u00bbwithout_pattern\u00bb el_class=\u00bbcabecera_interna\u00bb css=\u00bb.vc_custom_1605021948459{background-image: url(http:\/\/www.laguiavial.com\/wp-content\/uploads\/2022\/06\/toprutesfc01.jpg?id=59) !important;}\u00bb z_index=\u00bb\u00bb][vc_column][vc_column_text] TOP RUTAS EN MOTO LINEALES [\/vc_column_text][\/vc_column][\/vc_row][vc_row css_animation=\u00bb\u00bb row_type=\u00bbrow\u00bb use_row_as_full_screen_section=\u00bbno\u00bb type=\u00bbfull_width\u00bb angled_section=\u00bbno\u00bb text_align=\u00bbleft\u00bb background_image_as_pattern=\u00bbwithout_pattern\u00bb el_class=\u00bbintro_home\u00bb z_index=\u00bb\u00bb][vc_column][vc_column_text] Hemos puesto a disposici\u00f3n de todos los que quieran una recopilaci\u00f3n de las rutas m\u00e1s visitadas a<\/p>\n","protected":false},"author":2,"featured_media":0,"parent":0,"menu_order":0,"comment_status":"closed","ping_status":"closed","template":"","meta":{"_eb_attr":"","footnotes":""},"class_list":["post-28524","page","type-page","status-publish","hentry"],"_links":{"self":[{"href":"https:\/\/www.laguiavial.com\/es\/wp-json\/wp\/v2\/pages\/28524","targetHints":{"allow":["GET"]}}],"collection":[{"href":"https:\/\/www.laguiavial.com\/es\/wp-json\/wp\/v2\/pages"}],"about":[{"href":"https:\/\/www.laguiavial.com\/es\/wp-json\/wp\/v2\/types\/page"}],"author":[{"embeddable":true,"href":"https:\/\/www.laguiavial.com\/es\/wp-json\/wp\/v2\/users\/2"}],"replies":[{"embeddable":true,"href":"https:\/\/www.laguiavial.com\/es\/wp-json\/wp\/v2\/comments?post=28524"}],"version-history":[{"count":0,"href":"https:\/\/www.laguiavial.com\/es\/wp-json\/wp\/v2\/pages\/28524\/revisions"}],"wp:attachment":[{"href":"https:\/\/www.laguiavial.com\/es\/wp-json\/wp\/v2\/media?parent=28524"}],"curies":[{"name":"wp","href":"https:\/\/api.w.org\/{rel}","templated":true}]}}