{"id":301,"date":"2020-12-11T09:00:06","date_gmt":"2020-12-11T08:00:06","guid":{"rendered":"https:\/\/www.laguiavial.com\/?page_id=301"},"modified":"2023-10-24T19:24:51","modified_gmt":"2023-10-24T18:24:51","slug":"nosotros","status":"publish","type":"page","link":"https:\/\/www.laguiavial.com\/es\/nosotros\/","title":{"rendered":"NOSOTROS"},"content":{"rendered":"<div class=\"wpb-content-wrapper\"><p>[vc_row css_animation=\u00bb\u00bb row_type=\u00bbrow\u00bb use_row_as_full_screen_section=\u00bbno\u00bb type=\u00bbfull_width\u00bb angled_section=\u00bbno\u00bb text_align=\u00bbleft\u00bb background_image_as_pattern=\u00bbwithout_pattern\u00bb el_class=\u00bbcabecera_interna\u00bb css=\u00bb.vc_custom_1605011581608{background-image: url(http:\/\/www.laguiavial.com\/wp-content\/uploads\/2022\/07\/capfilosofia01.jpg?id=51) !important;}\u00bb z_index=\u00bb\u00bb][vc_column][vc_column_text]<\/p>\n<div class=\"contenedor_titulo_cabecera\">\n<h1 style=\"text-align: center;\">NOSOTROS<\/h1>\n<\/div>\n<p>[\/vc_column_text][\/vc_column][\/vc_row][vc_row css_animation=\u00bb\u00bb row_type=\u00bbrow\u00bb use_row_as_full_screen_section=\u00bbno\u00bb type=\u00bbfull_width\u00bb angled_section=\u00bbno\u00bb text_align=\u00bbleft\u00bb background_image_as_pattern=\u00bbwithout_pattern\u00bb el_class=\u00bbintro_home_sin_texto\u00bb z_index=\u00bb\u00bb][vc_column]<div id=\"mpc_textblock-8069fc45bc746be\" class=\"mpc-textblock mpc-init \"><div class=\"contact_box\" style=\"text-align: center;\">Pod\u00e9is contactar con nosotros en <a href=\"mailto:info@laguiavial.com\"><img decoding=\"async\" class=\"aligncenter\" src=\"\/wp-content\/uploads\/2020\/11\/mail_dark.png\" alt=\"icono mail\" \/> info@laguiavial.com<\/a><\/div>\n<\/div>[\/vc_column][\/vc_row][vc_row css_animation=\u00bb\u00bb row_type=\u00bbrow\u00bb use_row_as_full_screen_section=\u00bbno\u00bb type=\u00bbgrid\u00bb angled_section=\u00bbno\u00bb text_align=\u00bbleft\u00bb background_image_as_pattern=\u00bbwithout_pattern\u00bb z_index=\u00bb\u00bb][vc_column][qode_elements_holder number_of_columns=\u00bbtwo_columns\u00bb][qode_elements_holder_item advanced_animations=\u00bbno\u00bb custom_class=\u00bbholder_izquierda\u00bb][vc_column_text]Conocedores del territorio, profesionales del turismo y apasionados de la conducci\u00f3n, ponemos a su disposici\u00f3n una serie de rutas que hemos ido descubriendo a lo largo de los a\u00f1os, las cuales nos permiten disfrutar de la conducci\u00f3n al tiempo que descubrimos nuevos lugares, hacemos excursiones por la monta\u00f1a, conocemos pueblos encantadores y nos empapamos de la cultura local.[\/vc_column_text][vc_empty_space height=\u00bb20px\u00bb][vc_column_text]La misi\u00f3n de La Gu\u00eda Vial es darle opciones alternativas a las rutas m\u00e1s habituales para conocer Catalu\u00f1a y el entorno, para equilibrar el territorio y ofrecerle un amplio abanico de opciones. Todos los recorridos propuestos son circulares y tienen acceso desde cualquier punto.[\/vc_column_text][vc_empty_space height=\u00bb20px\u00bb][vc_column_text]Cada mes le ofrecemos una nueva ruta por recorrer, todas ellas quedan almacenadas en la web para consultar siempre que desee, y son aptas para los apasionados de la conducci\u00f3n: ya sea de coche, moto, autocaravana o bicicleta, as\u00ed como para los excursionistas, amantes de la cultura, fot\u00f3grafos; todo el mundo es bienvenido![\/vc_column_text][\/qode_elements_holder_item][qode_elements_holder_item advanced_animations=\u00bbno\u00bb][vc_video link=\u00bbhttps:\/\/youtu.be\/xUSAFOe9HjU\u00bb][\/qode_elements_holder_item][\/qode_elements_holder][vc_empty_space height=\u00bb50px\u00bb][\/vc_column][\/vc_row][vc_row css_animation=\u00bb\u00bb row_type=\u00bbrow\u00bb use_row_as_full_screen_section=\u00bbno\u00bb type=\u00bbgrid\u00bb angled_section=\u00bbno\u00bb text_align=\u00bbleft\u00bb background_image_as_pattern=\u00bbwithout_pattern\u00bb z_index=\u00bb\u00bb el_class=\u00bbruta_mes\u00bb][vc_column][qode_elements_holder number_of_columns=\u00bbtwo_columns\u00bb][qode_elements_holder_item advanced_animations=\u00bbno\u00bb][vc_single_image image=\u00bb7554&#8243; img_size=\u00bbfull\u00bb alignment=\u00bbcenter\u00bb qode_css_animation=\u00bb\u00bb][\/qode_elements_holder_item][qode_elements_holder_item advanced_animations=\u00bbno\u00bb custom_class=\u00bbholder_derecha\u00bb][vc_column_text]<\/p>\n<h2>Ruta del mes<\/h2>\n<div class=\"separador_dark_grey_left\"><\/div>\n<p>[\/vc_column_text][vc_column_text]Cada principio de mes, le presentamos una nueva ruta para seguir<br \/>\ndescubriendo el territorio :)[\/vc_column_text][vc_empty_space height=\u00bb20px\u00bb][vc_column_text]Totes les rutes i trams proposats mensuament queden emmagatzemades de dues maneres diferents:<\/p>\n<p>Segons l&#8217;ordre de publicaci\u00f3 -cronol\u00f2gic- en els apartats, &#8216;rutes&#8217; i &#8216;trams&#8217; respectivament.<br \/>\nSegons el territori del recorregut -geogr\u00e0fic- en l&#8217;apartat &#8216;zones&#8217;.<\/p>\n<p>D&#8217;aquesta<\/p>\n<p>Todas las rutas y tramos propuestos mensualmente quedan almacenadas de dos formas diferentes:<\/p>\n<p>Seg\u00fan el orden de publicaci\u00f3n -cronol\u00f3gico- en los apartados, &#8216;rutas&#8217; y &#8216;tramos&#8217; respectivamente.<br \/>\nSeg\u00fan el territorio del recorrido -geogr\u00e1fico- en el apartado &#8216;zonas&#8217;.<\/p>\n<p>De esta forma podr\u00e1 seguir consultando y disfrutando de todo lo publicado.<\/p>\n<p>manera podreu seguir consultant i gaudint de tot el publicat.[\/vc_column_text][\/qode_elements_holder_item][\/qode_elements_holder][vc_empty_space height=\u00bb50px\u00bb][\/vc_column][\/vc_row][vc_row css_animation=\u00bb\u00bb row_type=\u00bbrow\u00bb use_row_as_full_screen_section=\u00bbno\u00bb type=\u00bbfull_width\u00bb angled_section=\u00bbno\u00bb text_align=\u00bbleft\u00bb background_image_as_pattern=\u00bbwithout_pattern\u00bb el_class=\u00bbintro_home_sin_texto\u00bb z_index=\u00bb\u00bb][vc_column][vc_column_text]<\/p>\n<h1 style=\"text-align: center;\">Presentaci\u00f3n T\u00e8cnica<br \/>\nde La Guia Vial<\/h1>\n<p>[\/vc_column_text][vc_raw_html]PGRpdiBjbGFzcz0ic2VwYXJhZG9yX2FtYXJpbGxvIj48L2Rpdj4=[\/vc_raw_html][\/vc_column][\/vc_row][vc_row css_animation=\u00bb\u00bb row_type=\u00bbrow\u00bb use_row_as_full_screen_section=\u00bbno\u00bb type=\u00bbgrid\u00bb angled_section=\u00bbno\u00bb text_align=\u00bbleft\u00bb background_image_as_pattern=\u00bbwithout_pattern\u00bb z_index=\u00bb\u00bb][vc_column][vc_column_text el_class=\u00bbbloque_texto_filosofia\u00bb]<\/p>\n<h3>Definici\u00f3n Rutas i Tramos<\/h3>\n<p>En LaGuiaVial os presentaremos una ruta nueva cada mes, basada en una b\u00f3veda cerrada formada por varios tramos, y bautizada por el relieve geogr\u00e1fico que le rodea.<\/p>\n<p>Los tramos que marcamos son carreteras remarcables tanto en el entorno paisaj\u00edstico como en el recorrido. Para acceder a la ruta circular, tambi\u00e9n recomendamos pasar por ciertas carreteras que llamamos tramos de acceso, bautizados cada uno seg\u00fan el relieve geogr\u00e1fico principal, a menudo el cuello o puerto que recorren.<\/p>\n<p>Dependiendo de cada ruta, se podr\u00e1 acceder de otras formas, si no las hemos marcado es porque no las hemos considerado como tramo de inter\u00e9s, aunque son igual de v\u00e1lidas para acceder.<\/p>\n<p>[\/vc_column_text][vc_empty_space height=\u00bb20px\u00bb][vc_column_text el_class=\u00bbbloque_texto_filosofia\u00bb]<\/p>\n<h3>Distribuci\u00f3n Geogr\u00e0fica Vial<\/h3>\n<p>Hemos dividido el territorio en funci\u00f3n de las posibilidades que ofrecen las ventanas de imagen dando prioridad a los tramos, por este motivo el \u00e1mbito seleccionado resulta mayor que los l\u00edmites administrativos de Catalu\u00f1a.<\/p>\n<p>En un primer nivel hemos establecido 4 partes que nos remiten al siguiente nivel de distribuci\u00f3n en el que encontraremos los tramos de asfalto y las rutas.<\/p>\n<p>Dentro de este segundo nivel hemos marcado otra divisi\u00f3n para acceder a los tramos de tierra.<\/p>\n<p>Todas las zonas resultantes las hemos nombrado, as\u00ed como las rutas y tramos con el relieve geogr\u00e1fico principal.<\/p>\n<p>&nbsp;<\/p>\n<p>FOTOS<\/p>\n<p>En el mismo nivel de los tramos de tierra podr\u00e1 encontrar las fotograf\u00edas de la zona.<\/p>\n<p>Una selecci\u00f3n de \u00e9stas se muestran en el nivel superior y el mismo para los siguientes<\/p>\n<p>&nbsp;<\/p>\n<p>V\u00cdDEOS<\/p>\n<p>Tanto en tramos como en rutas hay v\u00eddeos que los muestran.<\/p>\n<p>Le emplazamos a que comparta en las diferentes Redes Sociales de LaGuiaVial para que todo el mundo pueda disfrutarlo.<\/p>\n<p>&nbsp;<\/p>\n<p>FE DE ERRATA<\/p>\n<p>Todo se puede modificar y sobre todo:<\/p>\n<p>Dado que esto del relieve geogr\u00e1fico principal puede ser subjetivo, queda sometido a cambio.[\/vc_column_text][vc_empty_space height=\u00bb80px\u00bb][\/vc_column][\/vc_row][vc_row css_animation=\u00bb\u00bb row_type=\u00bbrow\u00bb use_row_as_full_screen_section=\u00bbno\u00bb type=\u00bbgrid\u00bb angled_section=\u00bbno\u00bb text_align=\u00bbleft\u00bb background_image_as_pattern=\u00bbwithout_pattern\u00bb z_index=\u00bb\u00bb el_class=\u00bbcontenedor_gris\u00bb][vc_column][vc_row_inner row_type=\u00bbrow\u00bb type=\u00bbfull_width\u00bb text_align=\u00bbleft\u00bb css_animation=\u00bb\u00bb][vc_column_inner][vc_column_text]<\/p>\n<h1 style=\"text-align: center;\">Consejos<\/h1>\n<p>[\/vc_column_text][vc_raw_html]PGRpdiBjbGFzcz0ic2VwYXJhZG9yX2FtYXJpbGxvIj48L2Rpdj4=[\/vc_raw_html][vc_column_text]<\/p>\n<p class=\"big\" style=\"text-align: center;\"><strong>Consejos a tener en cuenta viajando<\/strong><br \/>\n<strong>(<em>de un viajero a otro viajero<\/em>)<\/strong><\/p>\n<p>[\/vc_column_text][vc_empty_space height=\u00bb50px\u00bb][\/vc_column_inner][\/vc_row_inner][vc_column_text el_class=\u00bbbloque_texto_filosofia\u00bb]<\/p>\n<h3>La lluz<\/h3>\n<p>A la hora de apreciar lo que nos rodea la iluminaci\u00f3n es un factor determinante.<\/p>\n<p>Viajar con el sol de cara es lo primero que a poder ser deber\u00edamos evitar.<\/p>\n<p>En verano cuando el sol es alto la imagen se allana, es decir, todo nos resulta m\u00e1s satisfactorio a primera hora de la ma\u00f1ana o al atardecer, ya que encontraremos los relieves m\u00e1s marcados y todo toma m\u00e1s fuerza.<\/p>\n<p>A medida que nos aproximamos al solsticio de invierno el horario de viaje no resulta tan importante, el sol ya no sube tanto y no hace ya los efectos comentados.<\/p>\n<p>[\/vc_column_text][vc_empty_space height=\u00bb20px\u00bb][vc_column_text el_class=\u00bbbloque_texto_filosofia\u00bb]<\/p>\n<h3>La Meteorolog\u00eda<\/h3>\n<p>Hay una serie de fen\u00f3menos, como son las lluvias, el viento fuerte y la nieve, que con independencia del veh\u00edculo en el que viajamos lo mejor ser\u00e1 renunciar, ya que no s\u00f3lo dificultan la conducci\u00f3n sino que pueden llegar a ensuciar la v\u00eda hasta el punto de cortarla.<\/p>\n<p>Por supuesto, es necesario evitar v\u00edas r\u00e1pidas en estas condiciones de mala visibilidad.<\/p>\n<p>Con nubes, niebla o lluvias moderadas los entornos amplios y los paisajes no los podremos vislumbrar, pero hay otros donde lo m\u00e1s destacable es el espacio cercano: el arroyo, el bosque, la roca h\u00fameda, el recubrimiento vegetal. Este tipo de paisajes gana car\u00e1cter con estas condiciones.<\/p>\n<p>Importante resaltar tambi\u00e9n el fen\u00f3meno de la inversi\u00f3n t\u00e9rmica: un fen\u00f3meno molesto que viajando podemos utilizar a nuestro favor.<\/p>\n<p>En invierno determinadas llanuras se recubren de niebla, la costa y las monta\u00f1as quedan exentos.<\/p>\n<p>Recorrer las zonas nieblas para acabar saliendo, nos permitir\u00e1 disfrutar no s\u00f3lo del sol y el panorama sino tambi\u00e9n del mar de nubes que iremos dejando debajo.<\/p>\n<p>Un detalle importante en estas condiciones con independencia si estamos debajo de la niebla o fuera: las carreteras a las umbr\u00edas sin ventilaci\u00f3n permanecen h\u00famedas todo el d\u00eda.[\/vc_column_text][vc_empty_space height=\u00bb50px\u00bb][\/vc_column][\/vc_row]<\/p>\n<\/div>","protected":false},"excerpt":{"rendered":"<p>[vc_row css_animation=\u00bb\u00bb row_type=\u00bbrow\u00bb use_row_as_full_screen_section=\u00bbno\u00bb type=\u00bbfull_width\u00bb angled_section=\u00bbno\u00bb text_align=\u00bbleft\u00bb background_image_as_pattern=\u00bbwithout_pattern\u00bb el_class=\u00bbcabecera_interna\u00bb css=\u00bb.vc_custom_1605011581608{background-image: url(http:\/\/www.laguiavial.com\/wp-content\/uploads\/2022\/07\/capfilosofia01.jpg?id=51) !important;}\u00bb z_index=\u00bb\u00bb][vc_column][vc_column_text] NOSOTROS [\/vc_column_text][\/vc_column][\/vc_row][vc_row css_animation=\u00bb\u00bb row_type=\u00bbrow\u00bb use_row_as_full_screen_section=\u00bbno\u00bb type=\u00bbfull_width\u00bb angled_section=\u00bbno\u00bb text_align=\u00bbleft\u00bb background_image_as_pattern=\u00bbwithout_pattern\u00bb el_class=\u00bbintro_home_sin_texto\u00bb z_index=\u00bb\u00bb][vc_column][\/vc_column][\/vc_row][vc_row css_animation=\u00bb\u00bb row_type=\u00bbrow\u00bb use_row_as_full_screen_section=\u00bbno\u00bb type=\u00bbgrid\u00bb angled_section=\u00bbno\u00bb text_align=\u00bbleft\u00bb background_image_as_pattern=\u00bbwithout_pattern\u00bb z_index=\u00bb\u00bb][vc_column][qode_elements_holder number_of_columns=\u00bbtwo_columns\u00bb][qode_elements_holder_item advanced_animations=\u00bbno\u00bb custom_class=\u00bbholder_izquierda\u00bb][vc_column_text]Conocedores del territorio, profesionales del turismo y apasionados de la conducci\u00f3n,<\/p>\n","protected":false},"author":2,"featured_media":0,"parent":0,"menu_order":0,"comment_status":"closed","ping_status":"closed","template":"full_width.php","meta":{"_eb_attr":"","footnotes":""},"class_list":["post-301","page","type-page","status-publish","hentry"],"_links":{"self":[{"href":"https:\/\/www.laguiavial.com\/es\/wp-json\/wp\/v2\/pages\/301","targetHints":{"allow":["GET"]}}],"collection":[{"href":"https:\/\/www.laguiavial.com\/es\/wp-json\/wp\/v2\/pages"}],"about":[{"href":"https:\/\/www.laguiavial.com\/es\/wp-json\/wp\/v2\/types\/page"}],"author":[{"embeddable":true,"href":"https:\/\/www.laguiavial.com\/es\/wp-json\/wp\/v2\/users\/2"}],"replies":[{"embeddable":true,"href":"https:\/\/www.laguiavial.com\/es\/wp-json\/wp\/v2\/comments?post=301"}],"version-history":[{"count":0,"href":"https:\/\/www.laguiavial.com\/es\/wp-json\/wp\/v2\/pages\/301\/revisions"}],"wp:attachment":[{"href":"https:\/\/www.laguiavial.com\/es\/wp-json\/wp\/v2\/media?parent=301"}],"curies":[{"name":"wp","href":"https:\/\/api.w.org\/{rel}","templated":true}]}}