{"id":4411,"date":"2021-02-25T17:59:37","date_gmt":"2021-02-25T17:59:37","guid":{"rendered":"https:\/\/www.laguiavial.com\/?page_id=4411"},"modified":"2024-02-20T09:18:18","modified_gmt":"2024-02-20T08:18:18","slug":"zonas","status":"publish","type":"page","link":"https:\/\/www.laguiavial.com\/es\/zonas\/","title":{"rendered":"ZONAS MOTO"},"content":{"rendered":"<div class=\"wpb-content-wrapper\"><p>[vc_row css_animation=\u00bb\u00bb row_type=\u00bbrow\u00bb use_row_as_full_screen_section=\u00bbno\u00bb type=\u00bbfull_width\u00bb angled_section=\u00bbno\u00bb text_align=\u00bbleft\u00bb background_image_as_pattern=\u00bbwithout_pattern\u00bb el_class=\u00bbcabecera_interna\u00bb css=\u00bb.vc_custom_1606493824942{background-image: url(https:\/\/www.laguiavial.com\/wp-content\/uploads\/2021\/01\/zonestex01.jpg?id=51) !important;}\u00bb z_index=\u00bb\u00bb][vc_column][vc_column_text]<\/p>\n<div class=\"contenedor_titulo_cabecera\">\n<h1 style=\"text-align: center;\">ZONAS<\/h1>\n<\/div>\n<p>[\/vc_column_text][\/vc_column][\/vc_row][vc_row css_animation=\u00bb\u00bb row_type=\u00bbrow\u00bb use_row_as_full_screen_section=\u00bbno\u00bb type=\u00bbfull_width\u00bb angled_section=\u00bbno\u00bb text_align=\u00bbleft\u00bb background_image_as_pattern=\u00bbwithout_pattern\u00bb el_class=\u00bbintro_home\u00bb z_index=\u00bb\u00bb][vc_column][vc_column_text]<\/p>\n<h2 class=\"LC20lb MBeuO DKV0Md\" style=\"text-align: center;\">Las mejores rutas para ir en moto por zonas<\/h2>\n<p>[\/vc_column_text][vc_column_text]<\/p>\n<p class=\"big\" style=\"text-align: center;\">En esta secci\u00f3n encontrar\u00e9is las zona m\u00e1s populares en los buscadores de la red<\/p>\n<p>[\/vc_column_text][vc_empty_space]<div id=\"mpc_grid_posts_7969faf57150efd\" class=\"mpc-grid-posts mpc-init mpc-init mpc-transition mpc-overlay--fade mpc-item--fade mpc-layout--style_1  \"  data-grid-cols=\"3\"><div class=\"mpc-grid-sizer\"><\/div><div onclick=\"\" class=\"mpc-post\"><div class=\"mpc-post__wrapper\"><div class=\"mpc-post__thumbnail\" data-mpc_src=\"https:\/\/www.laguiavial.com\/wp-content\/uploads\/2022\/10\/destacadarodanet08.jpg\" data-mpc_link=\"https:\/\/www.laguiavial.com\/es\/barcelona-en-moto\/\"><div class=\"mpc-post__overlay mpc-transition\"><div class=\"mpc-post--vertical-wrap\"><div class=\"mpc-post--vertical\" data-mpc_link=\"https:\/\/www.laguiavial.com\/es\/barcelona-en-moto\/\"><a href=\"https:\/\/www.laguiavial.com\/es\/barcelona-en-moto\/\" title=\"Read more about Barcelona en moto\" class=\"mpc-icon-anchor\"><\/a><a href=\"https:\/\/www.laguiavial.com\/wp-content\/uploads\/2022\/10\/destacadarodanet08.jpg\" title=\"Barcelona en moto\" class=\"mpc-lightbox mpc-icon-anchor mpc-magnific-popup\"><\/a><div class=\"mpc-post__content mpc-transition\"><h3 class=\"mpc-post__heading mpc-transition mpc-text-overflow\"><a href=\"https:\/\/www.laguiavial.com\/es\/barcelona-en-moto\/\" title=\"Barcelona en moto\">Barcelona en moto<\/a><\/h3><div class=\"mpc-post__meta mpc-transition\"><span class=\"mpc-post__date\">on <a href=\"https:\/\/www.laguiavial.com\/es\/2022\/10\/18\/\"><span class=\"mpc-date__inline\">18 octubre 2022<\/span><\/a><\/span>, <span class=\"mpc-post__tax\"><\/span><\/div><\/div><\/div><\/div><\/div><\/div><div class=\"mpc-post__content mpc-transition\"><h3 class=\"mpc-post__heading mpc-transition mpc-text-overflow\"><a href=\"https:\/\/www.laguiavial.com\/es\/barcelona-en-moto\/\" title=\"Barcelona en moto\">Barcelona en moto<\/a><\/h3><div class=\"mpc-post__meta mpc-transition\"><span class=\"mpc-post__date\">on <a href=\"https:\/\/www.laguiavial.com\/es\/2022\/10\/18\/\"><span class=\"mpc-date__inline\">18 octubre 2022<\/span><\/a><\/span>, <span class=\"mpc-post__tax\"><\/span><\/div><\/div><\/div><\/div><div onclick=\"\" class=\"mpc-post\"><div class=\"mpc-post__wrapper\"><div class=\"mpc-post__thumbnail\" data-mpc_src=\"https:\/\/www.laguiavial.com\/wp-content\/uploads\/2022\/10\/destacadarodanet04.jpg\" data-mpc_link=\"https:\/\/www.laguiavial.com\/es\/cadaques-en-moto-2\/\"><div class=\"mpc-post__overlay mpc-transition\"><div class=\"mpc-post--vertical-wrap\"><div class=\"mpc-post--vertical\" data-mpc_link=\"https:\/\/www.laguiavial.com\/es\/cadaques-en-moto-2\/\"><a href=\"https:\/\/www.laguiavial.com\/es\/cadaques-en-moto-2\/\" title=\"Read more about Cadaqu\u00e9s en moto\" class=\"mpc-icon-anchor\"><\/a><a href=\"https:\/\/www.laguiavial.com\/wp-content\/uploads\/2022\/10\/destacadarodanet04.jpg\" title=\"Cadaqu\u00e9s en moto\" class=\"mpc-lightbox mpc-icon-anchor mpc-magnific-popup\"><\/a><div class=\"mpc-post__content mpc-transition\"><h3 class=\"mpc-post__heading mpc-transition mpc-text-overflow\"><a href=\"https:\/\/www.laguiavial.com\/es\/cadaques-en-moto-2\/\" title=\"Cadaqu\u00e9s en moto\">Cadaqu\u00e9s en moto<\/a><\/h3><div class=\"mpc-post__meta mpc-transition\"><span class=\"mpc-post__date\">on <a href=\"https:\/\/www.laguiavial.com\/es\/2024\/02\/20\/\"><span class=\"mpc-date__inline\">20 febrero 2024<\/span><\/a><\/span>, <span class=\"mpc-post__tax\"><\/span><\/div><\/div><\/div><\/div><\/div><\/div><div class=\"mpc-post__content mpc-transition\"><h3 class=\"mpc-post__heading mpc-transition mpc-text-overflow\"><a href=\"https:\/\/www.laguiavial.com\/es\/cadaques-en-moto-2\/\" title=\"Cadaqu\u00e9s en moto\">Cadaqu\u00e9s en moto<\/a><\/h3><div class=\"mpc-post__meta mpc-transition\"><span class=\"mpc-post__date\">on <a href=\"https:\/\/www.laguiavial.com\/es\/2024\/02\/20\/\"><span class=\"mpc-date__inline\">20 febrero 2024<\/span><\/a><\/span>, <span class=\"mpc-post__tax\"><\/span><\/div><\/div><\/div><\/div><div onclick=\"\" class=\"mpc-post\"><div class=\"mpc-post__wrapper\"><div class=\"mpc-post__thumbnail\" data-mpc_src=\"https:\/\/www.laguiavial.com\/wp-content\/uploads\/2022\/10\/destacadarodanet07.jpg\" data-mpc_link=\"https:\/\/www.laguiavial.com\/es\/catalunya-central-en-moto-2\/\"><div class=\"mpc-post__overlay mpc-transition\"><div class=\"mpc-post--vertical-wrap\"><div class=\"mpc-post--vertical\" data-mpc_link=\"https:\/\/www.laguiavial.com\/es\/catalunya-central-en-moto-2\/\"><a href=\"https:\/\/www.laguiavial.com\/es\/catalunya-central-en-moto-2\/\" title=\"Read more about Catalunya Central en moto\" class=\"mpc-icon-anchor\"><\/a><a href=\"https:\/\/www.laguiavial.com\/wp-content\/uploads\/2022\/10\/destacadarodanet07.jpg\" title=\"Catalunya Central en moto\" class=\"mpc-lightbox mpc-icon-anchor mpc-magnific-popup\"><\/a><div class=\"mpc-post__content mpc-transition\"><h3 class=\"mpc-post__heading mpc-transition mpc-text-overflow\"><a href=\"https:\/\/www.laguiavial.com\/es\/catalunya-central-en-moto-2\/\" title=\"Catalunya Central en moto\">Catalunya Central en moto<\/a><\/h3><div class=\"mpc-post__meta mpc-transition\"><span class=\"mpc-post__date\">on <a href=\"https:\/\/www.laguiavial.com\/es\/2024\/02\/20\/\"><span class=\"mpc-date__inline\">20 febrero 2024<\/span><\/a><\/span>, <span class=\"mpc-post__tax\"><\/span><\/div><\/div><\/div><\/div><\/div><\/div><div class=\"mpc-post__content mpc-transition\"><h3 class=\"mpc-post__heading mpc-transition mpc-text-overflow\"><a href=\"https:\/\/www.laguiavial.com\/es\/catalunya-central-en-moto-2\/\" title=\"Catalunya Central en moto\">Catalunya Central en moto<\/a><\/h3><div class=\"mpc-post__meta mpc-transition\"><span class=\"mpc-post__date\">on <a href=\"https:\/\/www.laguiavial.com\/es\/2024\/02\/20\/\"><span class=\"mpc-date__inline\">20 febrero 2024<\/span><\/a><\/span>, <span class=\"mpc-post__tax\"><\/span><\/div><\/div><\/div><\/div><div onclick=\"\" class=\"mpc-post\"><div class=\"mpc-post__wrapper\"><div class=\"mpc-post__thumbnail\" data-mpc_src=\"https:\/\/www.laguiavial.com\/wp-content\/uploads\/2022\/10\/destacadarodanet02.jpg\" data-mpc_link=\"https:\/\/www.laguiavial.com\/es\/catalunya-nord-en-moto-2\/\"><div class=\"mpc-post__overlay mpc-transition\"><div class=\"mpc-post--vertical-wrap\"><div class=\"mpc-post--vertical\" data-mpc_link=\"https:\/\/www.laguiavial.com\/es\/catalunya-nord-en-moto-2\/\"><a href=\"https:\/\/www.laguiavial.com\/es\/catalunya-nord-en-moto-2\/\" title=\"Read more about Catalunya Nord en moto\" class=\"mpc-icon-anchor\"><\/a><a href=\"https:\/\/www.laguiavial.com\/wp-content\/uploads\/2022\/10\/destacadarodanet02.jpg\" title=\"Catalunya Nord en moto\" class=\"mpc-lightbox mpc-icon-anchor mpc-magnific-popup\"><\/a><div class=\"mpc-post__content mpc-transition\"><h3 class=\"mpc-post__heading mpc-transition mpc-text-overflow\"><a href=\"https:\/\/www.laguiavial.com\/es\/catalunya-nord-en-moto-2\/\" title=\"Catalunya Nord en moto\">Catalunya Nord en moto<\/a><\/h3><div class=\"mpc-post__meta mpc-transition\"><span class=\"mpc-post__date\">on <a href=\"https:\/\/www.laguiavial.com\/es\/2024\/02\/20\/\"><span class=\"mpc-date__inline\">20 febrero 2024<\/span><\/a><\/span>, <span class=\"mpc-post__tax\"><\/span><\/div><\/div><\/div><\/div><\/div><\/div><div class=\"mpc-post__content mpc-transition\"><h3 class=\"mpc-post__heading mpc-transition mpc-text-overflow\"><a href=\"https:\/\/www.laguiavial.com\/es\/catalunya-nord-en-moto-2\/\" title=\"Catalunya Nord en moto\">Catalunya Nord en moto<\/a><\/h3><div class=\"mpc-post__meta mpc-transition\"><span class=\"mpc-post__date\">on <a href=\"https:\/\/www.laguiavial.com\/es\/2024\/02\/20\/\"><span class=\"mpc-date__inline\">20 febrero 2024<\/span><\/a><\/span>, <span class=\"mpc-post__tax\"><\/span><\/div><\/div><\/div><\/div><div onclick=\"\" class=\"mpc-post\"><div class=\"mpc-post__wrapper\"><div class=\"mpc-post__thumbnail\" data-mpc_src=\"https:\/\/www.laguiavial.com\/wp-content\/uploads\/2022\/10\/destacadarodanet09.jpg\" data-mpc_link=\"https:\/\/www.laguiavial.com\/es\/catalunya-ponent-en-moto-2\/\"><div class=\"mpc-post__overlay mpc-transition\"><div class=\"mpc-post--vertical-wrap\"><div class=\"mpc-post--vertical\" data-mpc_link=\"https:\/\/www.laguiavial.com\/es\/catalunya-ponent-en-moto-2\/\"><a href=\"https:\/\/www.laguiavial.com\/es\/catalunya-ponent-en-moto-2\/\" title=\"Read more about Catalunya Ponent en moto\" class=\"mpc-icon-anchor\"><\/a><a href=\"https:\/\/www.laguiavial.com\/wp-content\/uploads\/2022\/10\/destacadarodanet09.jpg\" title=\"Catalunya Ponent en moto\" class=\"mpc-lightbox mpc-icon-anchor mpc-magnific-popup\"><\/a><div class=\"mpc-post__content mpc-transition\"><h3 class=\"mpc-post__heading mpc-transition mpc-text-overflow\"><a href=\"https:\/\/www.laguiavial.com\/es\/catalunya-ponent-en-moto-2\/\" title=\"Catalunya Ponent en moto\">Catalunya Ponent en moto<\/a><\/h3><div class=\"mpc-post__meta mpc-transition\"><span class=\"mpc-post__date\">on <a href=\"https:\/\/www.laguiavial.com\/es\/2024\/02\/20\/\"><span class=\"mpc-date__inline\">20 febrero 2024<\/span><\/a><\/span>, <span class=\"mpc-post__tax\"><\/span><\/div><\/div><\/div><\/div><\/div><\/div><div class=\"mpc-post__content mpc-transition\"><h3 class=\"mpc-post__heading mpc-transition mpc-text-overflow\"><a href=\"https:\/\/www.laguiavial.com\/es\/catalunya-ponent-en-moto-2\/\" title=\"Catalunya Ponent en moto\">Catalunya Ponent en moto<\/a><\/h3><div class=\"mpc-post__meta mpc-transition\"><span class=\"mpc-post__date\">on <a href=\"https:\/\/www.laguiavial.com\/es\/2024\/02\/20\/\"><span class=\"mpc-date__inline\">20 febrero 2024<\/span><\/a><\/span>, <span class=\"mpc-post__tax\"><\/span><\/div><\/div><\/div><\/div><div onclick=\"\" class=\"mpc-post\"><div class=\"mpc-post__wrapper\"><div class=\"mpc-post__thumbnail\" data-mpc_src=\"https:\/\/www.laguiavial.com\/wp-content\/uploads\/2022\/10\/destacadarodanet06.jpg\" data-mpc_link=\"https:\/\/www.laguiavial.com\/es\/costa-brava-en-moto-2\/\"><div class=\"mpc-post__overlay mpc-transition\"><div class=\"mpc-post--vertical-wrap\"><div class=\"mpc-post--vertical\" data-mpc_link=\"https:\/\/www.laguiavial.com\/es\/costa-brava-en-moto-2\/\"><a href=\"https:\/\/www.laguiavial.com\/es\/costa-brava-en-moto-2\/\" title=\"Read more about Costa Brava en moto\" class=\"mpc-icon-anchor\"><\/a><a href=\"https:\/\/www.laguiavial.com\/wp-content\/uploads\/2022\/10\/destacadarodanet06.jpg\" title=\"Costa Brava en moto\" class=\"mpc-lightbox mpc-icon-anchor mpc-magnific-popup\"><\/a><div class=\"mpc-post__content mpc-transition\"><h3 class=\"mpc-post__heading mpc-transition mpc-text-overflow\"><a href=\"https:\/\/www.laguiavial.com\/es\/costa-brava-en-moto-2\/\" title=\"Costa Brava en moto\">Costa Brava en moto<\/a><\/h3><div class=\"mpc-post__meta mpc-transition\"><span class=\"mpc-post__date\">on <a href=\"https:\/\/www.laguiavial.com\/es\/2024\/02\/20\/\"><span class=\"mpc-date__inline\">20 febrero 2024<\/span><\/a><\/span>, <span class=\"mpc-post__tax\"><\/span><\/div><\/div><\/div><\/div><\/div><\/div><div class=\"mpc-post__content mpc-transition\"><h3 class=\"mpc-post__heading mpc-transition mpc-text-overflow\"><a href=\"https:\/\/www.laguiavial.com\/es\/costa-brava-en-moto-2\/\" title=\"Costa Brava en moto\">Costa Brava en moto<\/a><\/h3><div class=\"mpc-post__meta mpc-transition\"><span class=\"mpc-post__date\">on <a href=\"https:\/\/www.laguiavial.com\/es\/2024\/02\/20\/\"><span class=\"mpc-date__inline\">20 febrero 2024<\/span><\/a><\/span>, <span class=\"mpc-post__tax\"><\/span><\/div><\/div><\/div><\/div><div onclick=\"\" class=\"mpc-post\"><div class=\"mpc-post__wrapper\"><div class=\"mpc-post__thumbnail\" data-mpc_src=\"https:\/\/www.laguiavial.com\/wp-content\/uploads\/2022\/10\/destacadarodanet11.jpg\" data-mpc_link=\"https:\/\/www.laguiavial.com\/es\/costa-daurada-en-moto-2\/\"><div class=\"mpc-post__overlay mpc-transition\"><div class=\"mpc-post--vertical-wrap\"><div class=\"mpc-post--vertical\" data-mpc_link=\"https:\/\/www.laguiavial.com\/es\/costa-daurada-en-moto-2\/\"><a href=\"https:\/\/www.laguiavial.com\/es\/costa-daurada-en-moto-2\/\" title=\"Read more about Costa Daurada en moto\" class=\"mpc-icon-anchor\"><\/a><a href=\"https:\/\/www.laguiavial.com\/wp-content\/uploads\/2022\/10\/destacadarodanet11.jpg\" title=\"Costa Daurada en moto\" class=\"mpc-lightbox mpc-icon-anchor mpc-magnific-popup\"><\/a><div class=\"mpc-post__content mpc-transition\"><h3 class=\"mpc-post__heading mpc-transition mpc-text-overflow\"><a href=\"https:\/\/www.laguiavial.com\/es\/costa-daurada-en-moto-2\/\" title=\"Costa Daurada en moto\">Costa Daurada en moto<\/a><\/h3><div class=\"mpc-post__meta mpc-transition\"><span class=\"mpc-post__date\">on <a href=\"https:\/\/www.laguiavial.com\/es\/2024\/02\/20\/\"><span class=\"mpc-date__inline\">20 febrero 2024<\/span><\/a><\/span>, <span class=\"mpc-post__tax\"><\/span><\/div><\/div><\/div><\/div><\/div><\/div><div class=\"mpc-post__content mpc-transition\"><h3 class=\"mpc-post__heading mpc-transition mpc-text-overflow\"><a href=\"https:\/\/www.laguiavial.com\/es\/costa-daurada-en-moto-2\/\" title=\"Costa Daurada en moto\">Costa Daurada en moto<\/a><\/h3><div class=\"mpc-post__meta mpc-transition\"><span class=\"mpc-post__date\">on <a href=\"https:\/\/www.laguiavial.com\/es\/2024\/02\/20\/\"><span class=\"mpc-date__inline\">20 febrero 2024<\/span><\/a><\/span>, <span class=\"mpc-post__tax\"><\/span><\/div><\/div><\/div><\/div><div onclick=\"\" class=\"mpc-post\"><div class=\"mpc-post__wrapper\"><div class=\"mpc-post__thumbnail\" data-mpc_src=\"https:\/\/www.laguiavial.com\/wp-content\/uploads\/2022\/10\/destacadarodanet05.jpg\" data-mpc_link=\"https:\/\/www.laguiavial.com\/es\/emporda-en-moto-2\/\"><div class=\"mpc-post__overlay mpc-transition\"><div class=\"mpc-post--vertical-wrap\"><div class=\"mpc-post--vertical\" data-mpc_link=\"https:\/\/www.laguiavial.com\/es\/emporda-en-moto-2\/\"><a href=\"https:\/\/www.laguiavial.com\/es\/emporda-en-moto-2\/\" title=\"Read more about Empord\u00e0 en moto\" class=\"mpc-icon-anchor\"><\/a><a href=\"https:\/\/www.laguiavial.com\/wp-content\/uploads\/2022\/10\/destacadarodanet05.jpg\" title=\"Empord\u00e0 en moto\" class=\"mpc-lightbox mpc-icon-anchor mpc-magnific-popup\"><\/a><div class=\"mpc-post__content mpc-transition\"><h3 class=\"mpc-post__heading mpc-transition mpc-text-overflow\"><a href=\"https:\/\/www.laguiavial.com\/es\/emporda-en-moto-2\/\" title=\"Empord\u00e0 en moto\">Empord\u00e0 en moto<\/a><\/h3><div class=\"mpc-post__meta mpc-transition\"><span class=\"mpc-post__date\">on <a href=\"https:\/\/www.laguiavial.com\/es\/2024\/02\/20\/\"><span class=\"mpc-date__inline\">20 febrero 2024<\/span><\/a><\/span>, <span class=\"mpc-post__tax\"><\/span><\/div><\/div><\/div><\/div><\/div><\/div><div class=\"mpc-post__content mpc-transition\"><h3 class=\"mpc-post__heading mpc-transition mpc-text-overflow\"><a href=\"https:\/\/www.laguiavial.com\/es\/emporda-en-moto-2\/\" title=\"Empord\u00e0 en moto\">Empord\u00e0 en moto<\/a><\/h3><div class=\"mpc-post__meta mpc-transition\"><span class=\"mpc-post__date\">on <a href=\"https:\/\/www.laguiavial.com\/es\/2024\/02\/20\/\"><span class=\"mpc-date__inline\">20 febrero 2024<\/span><\/a><\/span>, <span class=\"mpc-post__tax\"><\/span><\/div><\/div><\/div><\/div><div onclick=\"\" class=\"mpc-post\"><div class=\"mpc-post__wrapper\"><div class=\"mpc-post__thumbnail\" data-mpc_src=\"https:\/\/www.laguiavial.com\/wp-content\/uploads\/2022\/10\/destacadarodanet10.jpg\" data-mpc_link=\"https:\/\/www.laguiavial.com\/es\/garraf-en-moto-2\/\"><div class=\"mpc-post__overlay mpc-transition\"><div class=\"mpc-post--vertical-wrap\"><div class=\"mpc-post--vertical\" data-mpc_link=\"https:\/\/www.laguiavial.com\/es\/garraf-en-moto-2\/\"><a href=\"https:\/\/www.laguiavial.com\/es\/garraf-en-moto-2\/\" title=\"Read more about Garraf en moto\" class=\"mpc-icon-anchor\"><\/a><a href=\"https:\/\/www.laguiavial.com\/wp-content\/uploads\/2022\/10\/destacadarodanet10.jpg\" title=\"Garraf en moto\" class=\"mpc-lightbox mpc-icon-anchor mpc-magnific-popup\"><\/a><div class=\"mpc-post__content mpc-transition\"><h3 class=\"mpc-post__heading mpc-transition mpc-text-overflow\"><a href=\"https:\/\/www.laguiavial.com\/es\/garraf-en-moto-2\/\" title=\"Garraf en moto\">Garraf en moto<\/a><\/h3><div class=\"mpc-post__meta mpc-transition\"><span class=\"mpc-post__date\">on <a href=\"https:\/\/www.laguiavial.com\/es\/2024\/02\/20\/\"><span class=\"mpc-date__inline\">20 febrero 2024<\/span><\/a><\/span>, <span class=\"mpc-post__tax\"><\/span><\/div><\/div><\/div><\/div><\/div><\/div><div class=\"mpc-post__content mpc-transition\"><h3 class=\"mpc-post__heading mpc-transition mpc-text-overflow\"><a href=\"https:\/\/www.laguiavial.com\/es\/garraf-en-moto-2\/\" title=\"Garraf en moto\">Garraf en moto<\/a><\/h3><div class=\"mpc-post__meta mpc-transition\"><span class=\"mpc-post__date\">on <a href=\"https:\/\/www.laguiavial.com\/es\/2024\/02\/20\/\"><span class=\"mpc-date__inline\">20 febrero 2024<\/span><\/a><\/span>, <span class=\"mpc-post__tax\"><\/span><\/div><\/div><\/div><\/div><div onclick=\"\" class=\"mpc-post\"><div class=\"mpc-post__wrapper\"><div class=\"mpc-post__thumbnail\" data-mpc_src=\"https:\/\/www.laguiavial.com\/wp-content\/uploads\/2022\/10\/destacadarodanet01.jpg\" data-mpc_link=\"https:\/\/www.laguiavial.com\/es\/pirineus-en-moto-2\/\"><div class=\"mpc-post__overlay mpc-transition\"><div class=\"mpc-post--vertical-wrap\"><div class=\"mpc-post--vertical\" data-mpc_link=\"https:\/\/www.laguiavial.com\/es\/pirineus-en-moto-2\/\"><a href=\"https:\/\/www.laguiavial.com\/es\/pirineus-en-moto-2\/\" title=\"Read more about Pirineus en moto\" class=\"mpc-icon-anchor\"><\/a><a href=\"https:\/\/www.laguiavial.com\/wp-content\/uploads\/2022\/10\/destacadarodanet01.jpg\" title=\"Pirineus en moto\" class=\"mpc-lightbox mpc-icon-anchor mpc-magnific-popup\"><\/a><div class=\"mpc-post__content mpc-transition\"><h3 class=\"mpc-post__heading mpc-transition mpc-text-overflow\"><a href=\"https:\/\/www.laguiavial.com\/es\/pirineus-en-moto-2\/\" title=\"Pirineus en moto\">Pirineus en moto<\/a><\/h3><div class=\"mpc-post__meta mpc-transition\"><span class=\"mpc-post__date\">on <a href=\"https:\/\/www.laguiavial.com\/es\/2024\/02\/20\/\"><span class=\"mpc-date__inline\">20 febrero 2024<\/span><\/a><\/span>, <span class=\"mpc-post__tax\"><\/span><\/div><\/div><\/div><\/div><\/div><\/div><div class=\"mpc-post__content mpc-transition\"><h3 class=\"mpc-post__heading mpc-transition mpc-text-overflow\"><a href=\"https:\/\/www.laguiavial.com\/es\/pirineus-en-moto-2\/\" title=\"Pirineus en moto\">Pirineus en moto<\/a><\/h3><div class=\"mpc-post__meta mpc-transition\"><span class=\"mpc-post__date\">on <a href=\"https:\/\/www.laguiavial.com\/es\/2024\/02\/20\/\"><span class=\"mpc-date__inline\">20 febrero 2024<\/span><\/a><\/span>, <span class=\"mpc-post__tax\"><\/span><\/div><\/div><\/div><\/div><div onclick=\"\" class=\"mpc-post\"><div class=\"mpc-post__wrapper\"><div class=\"mpc-post__thumbnail\" data-mpc_src=\"https:\/\/www.laguiavial.com\/wp-content\/uploads\/2022\/10\/destacadarodanet03.jpg\" data-mpc_link=\"https:\/\/www.laguiavial.com\/es\/prepirineu-en-moto-2\/\"><div class=\"mpc-post__overlay mpc-transition\"><div class=\"mpc-post--vertical-wrap\"><div class=\"mpc-post--vertical\" data-mpc_link=\"https:\/\/www.laguiavial.com\/es\/prepirineu-en-moto-2\/\"><a href=\"https:\/\/www.laguiavial.com\/es\/prepirineu-en-moto-2\/\" title=\"Read more about Prepirineu en moto\" class=\"mpc-icon-anchor\"><\/a><a href=\"https:\/\/www.laguiavial.com\/wp-content\/uploads\/2022\/10\/destacadarodanet03.jpg\" title=\"Prepirineu en moto\" class=\"mpc-lightbox mpc-icon-anchor mpc-magnific-popup\"><\/a><div class=\"mpc-post__content mpc-transition\"><h3 class=\"mpc-post__heading mpc-transition mpc-text-overflow\"><a href=\"https:\/\/www.laguiavial.com\/es\/prepirineu-en-moto-2\/\" title=\"Prepirineu en moto\">Prepirineu en moto<\/a><\/h3><div class=\"mpc-post__meta mpc-transition\"><span class=\"mpc-post__date\">on <a href=\"https:\/\/www.laguiavial.com\/es\/2024\/02\/20\/\"><span class=\"mpc-date__inline\">20 febrero 2024<\/span><\/a><\/span>, <span class=\"mpc-post__tax\"><\/span><\/div><\/div><\/div><\/div><\/div><\/div><div class=\"mpc-post__content mpc-transition\"><h3 class=\"mpc-post__heading mpc-transition mpc-text-overflow\"><a href=\"https:\/\/www.laguiavial.com\/es\/prepirineu-en-moto-2\/\" title=\"Prepirineu en moto\">Prepirineu en moto<\/a><\/h3><div class=\"mpc-post__meta mpc-transition\"><span class=\"mpc-post__date\">on <a href=\"https:\/\/www.laguiavial.com\/es\/2024\/02\/20\/\"><span class=\"mpc-date__inline\">20 febrero 2024<\/span><\/a><\/span>, <span class=\"mpc-post__tax\"><\/span><\/div><\/div><\/div><\/div><div onclick=\"\" class=\"mpc-post\"><div class=\"mpc-post__wrapper\"><div class=\"mpc-post__thumbnail\" data-mpc_src=\"https:\/\/www.laguiavial.com\/wp-content\/uploads\/2022\/10\/destacadarodanet12.jpg\" data-mpc_link=\"https:\/\/www.laguiavial.com\/es\/tarragona-en-moto-2\/\"><div class=\"mpc-post__overlay mpc-transition\"><div class=\"mpc-post--vertical-wrap\"><div class=\"mpc-post--vertical\" data-mpc_link=\"https:\/\/www.laguiavial.com\/es\/tarragona-en-moto-2\/\"><a href=\"https:\/\/www.laguiavial.com\/es\/tarragona-en-moto-2\/\" title=\"Read more about Tarragona en moto\" class=\"mpc-icon-anchor\"><\/a><a href=\"https:\/\/www.laguiavial.com\/wp-content\/uploads\/2022\/10\/destacadarodanet12.jpg\" title=\"Tarragona en moto\" class=\"mpc-lightbox mpc-icon-anchor mpc-magnific-popup\"><\/a><div class=\"mpc-post__content mpc-transition\"><h3 class=\"mpc-post__heading mpc-transition mpc-text-overflow\"><a href=\"https:\/\/www.laguiavial.com\/es\/tarragona-en-moto-2\/\" title=\"Tarragona en moto\">Tarragona en moto<\/a><\/h3><div class=\"mpc-post__meta mpc-transition\"><span class=\"mpc-post__date\">on <a href=\"https:\/\/www.laguiavial.com\/es\/2024\/02\/20\/\"><span class=\"mpc-date__inline\">20 febrero 2024<\/span><\/a><\/span>, <span class=\"mpc-post__tax\"><\/span><\/div><\/div><\/div><\/div><\/div><\/div><div class=\"mpc-post__content mpc-transition\"><h3 class=\"mpc-post__heading mpc-transition mpc-text-overflow\"><a href=\"https:\/\/www.laguiavial.com\/es\/tarragona-en-moto-2\/\" title=\"Tarragona en moto\">Tarragona en moto<\/a><\/h3><div class=\"mpc-post__meta mpc-transition\"><span class=\"mpc-post__date\">on <a href=\"https:\/\/www.laguiavial.com\/es\/2024\/02\/20\/\"><span class=\"mpc-date__inline\">20 febrero 2024<\/span><\/a><\/span>, <span class=\"mpc-post__tax\"><\/span><\/div><\/div><\/div><\/div><\/div>[\/vc_column][\/vc_row]<\/p>\n<\/div>","protected":false},"excerpt":{"rendered":"<p>[vc_row css_animation=\u00bb\u00bb row_type=\u00bbrow\u00bb use_row_as_full_screen_section=\u00bbno\u00bb type=\u00bbfull_width\u00bb angled_section=\u00bbno\u00bb text_align=\u00bbleft\u00bb background_image_as_pattern=\u00bbwithout_pattern\u00bb el_class=\u00bbcabecera_interna\u00bb css=\u00bb.vc_custom_1606493824942{background-image: url(https:\/\/www.laguiavial.com\/wp-content\/uploads\/2021\/01\/zonestex01.jpg?id=51) !important;}\u00bb z_index=\u00bb\u00bb][vc_column][vc_column_text] ZONAS [\/vc_column_text][\/vc_column][\/vc_row][vc_row css_animation=\u00bb\u00bb row_type=\u00bbrow\u00bb use_row_as_full_screen_section=\u00bbno\u00bb type=\u00bbfull_width\u00bb angled_section=\u00bbno\u00bb text_align=\u00bbleft\u00bb background_image_as_pattern=\u00bbwithout_pattern\u00bb el_class=\u00bbintro_home\u00bb z_index=\u00bb\u00bb][vc_column][vc_column_text] Las mejores rutas para ir en moto por zonas [\/vc_column_text][vc_column_text] En esta secci\u00f3n encontrar\u00e9is las zona m\u00e1s populares en los buscadores<\/p>\n","protected":false},"author":2,"featured_media":0,"parent":0,"menu_order":0,"comment_status":"closed","ping_status":"closed","template":"full_width.php","meta":{"_eb_attr":"","footnotes":""},"class_list":["post-4411","page","type-page","status-publish","hentry"],"_links":{"self":[{"href":"https:\/\/www.laguiavial.com\/es\/wp-json\/wp\/v2\/pages\/4411","targetHints":{"allow":["GET"]}}],"collection":[{"href":"https:\/\/www.laguiavial.com\/es\/wp-json\/wp\/v2\/pages"}],"about":[{"href":"https:\/\/www.laguiavial.com\/es\/wp-json\/wp\/v2\/types\/page"}],"author":[{"embeddable":true,"href":"https:\/\/www.laguiavial.com\/es\/wp-json\/wp\/v2\/users\/2"}],"replies":[{"embeddable":true,"href":"https:\/\/www.laguiavial.com\/es\/wp-json\/wp\/v2\/comments?post=4411"}],"version-history":[{"count":4,"href":"https:\/\/www.laguiavial.com\/es\/wp-json\/wp\/v2\/pages\/4411\/revisions"}],"predecessor-version":[{"id":39346,"href":"https:\/\/www.laguiavial.com\/es\/wp-json\/wp\/v2\/pages\/4411\/revisions\/39346"}],"wp:attachment":[{"href":"https:\/\/www.laguiavial.com\/es\/wp-json\/wp\/v2\/media?parent=4411"}],"curies":[{"name":"wp","href":"https:\/\/api.w.org\/{rel}","templated":true}]}}