{"id":28528,"date":"2022-10-22T17:22:02","date_gmt":"2022-10-22T17:22:02","guid":{"rendered":"https:\/\/www.laguiavial.com\/top-tours-moto-lineaires\/"},"modified":"2022-10-22T17:22:04","modified_gmt":"2022-10-22T17:22:04","slug":"top-tours-moto-lineaires","status":"publish","type":"page","link":"https:\/\/www.laguiavial.com\/fr\/top-tours-moto-lineaires\/","title":{"rendered":"TOP TOURS MOTO LIN\u00c9AIRES"},"content":{"rendered":"<div class=\"wpb-content-wrapper\"><p>[vc_row css_animation=\u00a0\u00bb\u00a0\u00bb row_type=\u00a0\u00bbrow\u00a0\u00bb use_row_as_full_screen_section=\u00a0\u00bbno\u00a0\u00bb type=\u00a0\u00bbfull_width\u00a0\u00bb angled_section=\u00a0\u00bbno\u00a0\u00bb text_align=\u00a0\u00bbleft\u00a0\u00bb background_image_as_pattern=\u00a0\u00bbwithout_pattern\u00a0\u00bb el_class=\u00a0\u00bbcabecera_interna\u00a0\u00bb css=\u00a0\u00bb.vc_custom_1605021948459{background-image: url(http:\/\/www.laguiavial.com\/wp-content\/uploads\/2022\/06\/toprutesfc01.jpg?id=59) !important;}\u00a0\u00bb z_index=\u00a0\u00bb\u00a0\u00bb][vc_column][vc_column_text]<\/p>\n<div class=\"contenedor_titulo_cabecera\">\n<h1 style=\"text-align: center;\">TOP TOURS MOTO LIN\u00c9AIRES<\/h1>\n<\/div>\n<p>[\/vc_column_text][\/vc_column][\/vc_row][vc_row css_animation=\u00a0\u00bb\u00a0\u00bb row_type=\u00a0\u00bbrow\u00a0\u00bb use_row_as_full_screen_section=\u00a0\u00bbno\u00a0\u00bb type=\u00a0\u00bbfull_width\u00a0\u00bb angled_section=\u00a0\u00bbno\u00a0\u00bb text_align=\u00a0\u00bbleft\u00a0\u00bb background_image_as_pattern=\u00a0\u00bbwithout_pattern\u00a0\u00bb el_class=\u00a0\u00bbintro_home\u00a0\u00bb z_index=\u00a0\u00bb\u00a0\u00bb][vc_column][vc_column_text]<\/p>\n<h4 style=\"text-align: center;\">Nous avons mis \u00e0 la disposition de tous ceux qui le souhaitent une collection des itin\u00e9raires les plus visit\u00e9s au niveau de la p\u00e9ninsule<br \/>\nTrois grands parcours lin\u00e9aires \u00e0 savourer \u00e0 fond<br \/>\nEgalement une section avec une s\u00e9lection de photographies<\/h4>\n<p>[\/vc_column_text][vc_empty_space][vc_column_text]<\/p>\n<h2 style=\"text-align: center;\">D\u00e9couvrez les top meilleurs tours moto lin\u00e9aires d&rsquo;Espagne<\/h2>\n<div id=\"gtx-trans\">\n<div class=\"gtx-trans-icon\"><\/div>\n<\/div>\n<p>[\/vc_column_text][vc_empty_space]<div id=\"mpc_grid_posts_469fc53343da6b\" class=\"mpc-grid-posts mpc-init mpc-init mpc-transition mpc-overlay--fade mpc-item--fade mpc-layout--style_1  \"  data-grid-cols=\"1\"><div class=\"mpc-grid-sizer\"><\/div><div onclick=\"\" class=\"mpc-post\"><div class=\"mpc-post__wrapper\"><div class=\"mpc-post__thumbnail\" data-mpc_src=\"https:\/\/www.laguiavial.com\/wp-content\/uploads\/2022\/10\/202fc01-1024x288.jpg\" data-mpc_link=\"https:\/\/www.laguiavial.com\/fr\/ruta-de-la-plata\/\"><div class=\"mpc-post__overlay mpc-transition\"><div class=\"mpc-post--vertical-wrap\"><div class=\"mpc-post--vertical\" data-mpc_link=\"https:\/\/www.laguiavial.com\/fr\/ruta-de-la-plata\/\"><a href=\"https:\/\/www.laguiavial.com\/fr\/ruta-de-la-plata\/\" title=\"Read more about Tour de la Plata\" class=\"mpc-icon-anchor\"><\/a><a href=\"https:\/\/www.laguiavial.com\/wp-content\/uploads\/2022\/10\/202fc01.jpg\" title=\"Tour de la Plata\" class=\"mpc-lightbox mpc-icon-anchor mpc-magnific-popup\"><\/a><div class=\"mpc-post__content mpc-transition\"><h3 class=\"mpc-post__heading mpc-transition mpc-text-overflow\"><a href=\"https:\/\/www.laguiavial.com\/fr\/ruta-de-la-plata\/\" title=\"Tour de la Plata\">Tour de la Plata<\/a><\/h3><div class=\"mpc-post__meta mpc-transition\"><span class=\"mpc-post__date\">on <a href=\"https:\/\/www.laguiavial.com\/fr\/2022\/10\/19\/\"><span class=\"mpc-date__inline\">19 octobre 2022<\/span><\/a><\/span>, <span class=\"mpc-post__tax\"><\/span><\/div><\/div><\/div><\/div><\/div><\/div><div class=\"mpc-post__content mpc-transition\"><h3 class=\"mpc-post__heading mpc-transition mpc-text-overflow\"><a href=\"https:\/\/www.laguiavial.com\/fr\/ruta-de-la-plata\/\" title=\"Tour de la Plata\">Tour de la Plata<\/a><\/h3><div class=\"mpc-post__meta mpc-transition\"><span class=\"mpc-post__date\">on <a href=\"https:\/\/www.laguiavial.com\/fr\/2022\/10\/19\/\"><span class=\"mpc-date__inline\">19 octobre 2022<\/span><\/a><\/span>, <span class=\"mpc-post__tax\"><\/span><\/div><\/div><\/div><\/div><div onclick=\"\" class=\"mpc-post\"><div class=\"mpc-post__wrapper\"><div class=\"mpc-post__thumbnail\" data-mpc_src=\"https:\/\/www.laguiavial.com\/wp-content\/uploads\/2022\/10\/2001-roncesvalles-7-1024x553.jpg\" data-mpc_link=\"https:\/\/www.laguiavial.com\/fr\/ruta-el-camino-de-santiago\/\"><div class=\"mpc-post__overlay mpc-transition\"><div class=\"mpc-post--vertical-wrap\"><div class=\"mpc-post--vertical\" data-mpc_link=\"https:\/\/www.laguiavial.com\/fr\/ruta-el-camino-de-santiago\/\"><a href=\"https:\/\/www.laguiavial.com\/fr\/ruta-el-camino-de-santiago\/\" title=\"Read more about Tour El Camino de Santiago\" class=\"mpc-icon-anchor\"><\/a><a href=\"https:\/\/www.laguiavial.com\/wp-content\/uploads\/2022\/10\/2001-roncesvalles-7.jpg\" title=\"Tour El Camino de Santiago\" class=\"mpc-lightbox mpc-icon-anchor mpc-magnific-popup\"><\/a><div class=\"mpc-post__content mpc-transition\"><h3 class=\"mpc-post__heading mpc-transition mpc-text-overflow\"><a href=\"https:\/\/www.laguiavial.com\/fr\/ruta-el-camino-de-santiago\/\" title=\"Tour El Camino de Santiago\">Tour El Camino de Santiago<\/a><\/h3><div class=\"mpc-post__meta mpc-transition\"><span class=\"mpc-post__date\">on <a href=\"https:\/\/www.laguiavial.com\/fr\/2022\/10\/19\/\"><span class=\"mpc-date__inline\">19 octobre 2022<\/span><\/a><\/span>, <span class=\"mpc-post__tax\"><\/span><\/div><\/div><\/div><\/div><\/div><\/div><div class=\"mpc-post__content mpc-transition\"><h3 class=\"mpc-post__heading mpc-transition mpc-text-overflow\"><a href=\"https:\/\/www.laguiavial.com\/fr\/ruta-el-camino-de-santiago\/\" title=\"Tour El Camino de Santiago\">Tour El Camino de Santiago<\/a><\/h3><div class=\"mpc-post__meta mpc-transition\"><span class=\"mpc-post__date\">on <a href=\"https:\/\/www.laguiavial.com\/fr\/2022\/10\/19\/\"><span class=\"mpc-date__inline\">19 octobre 2022<\/span><\/a><\/span>, <span class=\"mpc-post__tax\"><\/span><\/div><\/div><\/div><\/div><\/div>[vc_empty_space][vc_column_text]<\/p>\n<h2>Galerie d&rsquo;images<\/h2>\n<div id=\"gtx-trans\">\n<div class=\"gtx-trans-icon\"><\/div>\n<\/div>\n<p>[\/vc_column_text][vc_empty_space][vc_gallery type=\u00a0\u00bbimage_grid\u00a0\u00bb images=\u00a0\u00bb27003,27000,26997,26994,26991,26988,26985,26982,26979,26976,26973,26970,26967,26964,26961,26958,26955,26952,26949,26946,26943,26940,26937,26934,26931,26928,26925,26922,26919,26916,26913,26910,26907,26904,26901,26898,26895,26892,26889,26886,26883,26880,26877,26874,26871,26868,14748,14747,14746,14743,14742,14741,14740,14739,14738,14737,14736,14735,14734&Prime; img_size=\u00a0\u00bbfull\u00a0\u00bb column_number=\u00a0\u00bb3&Prime; grayscale=\u00a0\u00bbno\u00a0\u00bb images_space=\u00a0\u00bbgallery_with_space\u00a0\u00bb el_class=\u00a0\u00bbgaleria_tabs\u00a0\u00bb][\/vc_column][\/vc_row]<\/p>\n<\/div>","protected":false},"excerpt":{"rendered":"<p>[vc_row css_animation=\u00a0\u00bb\u00a0\u00bb row_type=\u00a0\u00bbrow\u00a0\u00bb use_row_as_full_screen_section=\u00a0\u00bbno\u00a0\u00bb type=\u00a0\u00bbfull_width\u00a0\u00bb angled_section=\u00a0\u00bbno\u00a0\u00bb text_align=\u00a0\u00bbleft\u00a0\u00bb background_image_as_pattern=\u00a0\u00bbwithout_pattern\u00a0\u00bb el_class=\u00a0\u00bbcabecera_interna\u00a0\u00bb css=\u00a0\u00bb.vc_custom_1605021948459{background-image: url(http:\/\/www.laguiavial.com\/wp-content\/uploads\/2022\/06\/toprutesfc01.jpg?id=59) !important;}\u00a0\u00bb z_index=\u00a0\u00bb\u00a0\u00bb][vc_column][vc_column_text] TOP TOURS MOTO LIN\u00c9AIRES [\/vc_column_text][\/vc_column][\/vc_row][vc_row css_animation=\u00a0\u00bb\u00a0\u00bb row_type=\u00a0\u00bbrow\u00a0\u00bb use_row_as_full_screen_section=\u00a0\u00bbno\u00a0\u00bb type=\u00a0\u00bbfull_width\u00a0\u00bb angled_section=\u00a0\u00bbno\u00a0\u00bb text_align=\u00a0\u00bbleft\u00a0\u00bb background_image_as_pattern=\u00a0\u00bbwithout_pattern\u00a0\u00bb el_class=\u00a0\u00bbintro_home\u00a0\u00bb z_index=\u00a0\u00bb\u00a0\u00bb][vc_column][vc_column_text] Nous avons mis \u00e0 la disposition de tous ceux qui le souhaitent une collection des itin\u00e9raires les plus<\/p>\n","protected":false},"author":2,"featured_media":0,"parent":0,"menu_order":0,"comment_status":"closed","ping_status":"closed","template":"","meta":{"_eb_attr":"","footnotes":""},"class_list":["post-28528","page","type-page","status-publish","hentry"],"_links":{"self":[{"href":"https:\/\/www.laguiavial.com\/fr\/wp-json\/wp\/v2\/pages\/28528","targetHints":{"allow":["GET"]}}],"collection":[{"href":"https:\/\/www.laguiavial.com\/fr\/wp-json\/wp\/v2\/pages"}],"about":[{"href":"https:\/\/www.laguiavial.com\/fr\/wp-json\/wp\/v2\/types\/page"}],"author":[{"embeddable":true,"href":"https:\/\/www.laguiavial.com\/fr\/wp-json\/wp\/v2\/users\/2"}],"replies":[{"embeddable":true,"href":"https:\/\/www.laguiavial.com\/fr\/wp-json\/wp\/v2\/comments?post=28528"}],"version-history":[{"count":0,"href":"https:\/\/www.laguiavial.com\/fr\/wp-json\/wp\/v2\/pages\/28528\/revisions"}],"wp:attachment":[{"href":"https:\/\/www.laguiavial.com\/fr\/wp-json\/wp\/v2\/media?parent=28528"}],"curies":[{"name":"wp","href":"https:\/\/api.w.org\/{rel}","templated":true}]}}